{"id":1513,"date":"2022-01-14T13:30:04","date_gmt":"2022-01-14T12:30:04","guid":{"rendered":"https:\/\/blog.forefront-tmg.de\/?page_id=1513"},"modified":"2022-01-15T15:30:27","modified_gmt":"2022-01-15T14:30:27","slug":"marc-grote-afk","status":"publish","type":"page","link":"https:\/\/blog.forefront-tmg.de\/","title":{"rendered":"Letzter Blog Eintrag"},"content":{"rendered":"<p><strong><font size=\"6\">Marc Grote AFK!<\/font><\/strong><\/p>\n<p>20.09.1972 \u2013 05.01.2022<\/p>\n<p>Marc Grote ging leider viel zu fr\u00fch von uns. Ich habe seine offene, ehrliche und freundliche Art immer sehr gesch\u00e4tzt und werde ihn wirklich vermissen. Sch\u00f6n, dass wir einen Teil unseres Weges gemeinsam gehen konnten.<\/p>\n<p>Ich habe Marc in 2008 kennen gelernt und zusammen haben wir viele verr\u00fcckte Sachen erlebt. Mein pers\u00f6nliches Highlight war unsere \u201cConsulter im Hotel\u201d Reihe, die in rudiment\u00e4ren Z\u00fcgen noch auf Marcs Websites zu sehen ist.<\/p>\n<p>Mein aufrichtiges Beileid gilt seinen Angeh\u00f6rigen.<\/p>\n<p><a href=\"https:\/\/blog.forefront-tmg.de\/wp-content\/uploads\/2022\/01\/leererplatz-1.jpg\"><img loading=\"lazy\" decoding=\"async\" width=\"246\" height=\"244\" title=\"leererplatz\" style=\"display: inline; background-image: none;\" alt=\"leererplatz\" src=\"https:\/\/blog.forefront-tmg.de\/wp-content\/uploads\/2022\/01\/leererplatz_thumb-1.jpg\" border=\"0\"\/><\/a><\/p>\n<p>Ich seh dich etwas sp\u00e4ter, halt mir einen Platz frei.<\/p>\n<p>Winkend, Karsten\u2026<\/p>\n","protected":false},"excerpt":{"rendered":"<p>Marc Grote AFK! 20.09.1972 \u2013 05.01.2022 Marc Grote ging leider viel zu fr\u00fch von uns. Ich habe seine offene, ehrliche und freundliche Art immer sehr gesch\u00e4tzt und werde ihn wirklich vermissen. Sch\u00f6n, dass wir einen Teil unseres Weges gemeinsam gehen konnten. Ich habe Marc in 2008 kennen gelernt und zusammen haben wir viele verr\u00fcckte Sachen erlebt. Mein pers\u00f6nliches Highlight war unsere \u201cConsulter im Hotel\u201d Reihe, die in rudiment\u00e4ren Z\u00fcgen noch auf Marcs Websites zu sehen ist. Mein aufrichtiges Beileid gilt&#8230;<\/p>\n<p class=\"read-more\"><a class=\"btn btn-default\" href=\"https:\/\/blog.forefront-tmg.de\/\">Weiterlesen<span class=\"screen-reader-text\"> Weiterlesen<\/span><\/a><\/p>\n","protected":false},"author":2,"featured_media":0,"parent":0,"menu_order":0,"comment_status":"closed","ping_status":"closed","template":"","meta":{"footnotes":""},"class_list":["post-1513","page","type-page","status-publish","hentry"],"_links":{"self":[{"href":"https:\/\/blog.forefront-tmg.de\/index.php?rest_route=\/wp\/v2\/pages\/1513","targetHints":{"allow":["GET"]}}],"collection":[{"href":"https:\/\/blog.forefront-tmg.de\/index.php?rest_route=\/wp\/v2\/pages"}],"about":[{"href":"https:\/\/blog.forefront-tmg.de\/index.php?rest_route=\/wp\/v2\/types\/page"}],"author":[{"embeddable":true,"href":"https:\/\/blog.forefront-tmg.de\/index.php?rest_route=\/wp\/v2\/users\/2"}],"replies":[{"embeddable":true,"href":"https:\/\/blog.forefront-tmg.de\/index.php?rest_route=%2Fwp%2Fv2%2Fcomments&post=1513"}],"version-history":[{"count":7,"href":"https:\/\/blog.forefront-tmg.de\/index.php?rest_route=\/wp\/v2\/pages\/1513\/revisions"}],"predecessor-version":[{"id":1526,"href":"https:\/\/blog.forefront-tmg.de\/index.php?rest_route=\/wp\/v2\/pages\/1513\/revisions\/1526"}],"wp:attachment":[{"href":"https:\/\/blog.forefront-tmg.de\/index.php?rest_route=%2Fwp%2Fv2%2Fmedia&parent=1513"}],"curies":[{"name":"wp","href":"https:\/\/api.w.org\/{rel}","templated":true}]}}